{"id":36,"date":"2024-11-11T06:42:55","date_gmt":"2024-11-11T06:42:55","guid":{"rendered":"http:\/\/18.159.103.11\/?page_id=36"},"modified":"2024-11-16T16:28:36","modified_gmt":"2024-11-16T16:28:36","slug":"newsletter","status":"publish","type":"page","link":"https:\/\/about.clininote.com\/pl\/newsletter\/","title":{"rendered":"Newsletter"},"content":{"rendered":"\t\t<div data-elementor-type=\"wp-page\" data-elementor-id=\"36\" class=\"elementor elementor-36\" data-elementor-post-type=\"page\">\n\t\t\t\t<div class=\"elementor-element elementor-element-b982cf5 e-con-full e-flex e-con e-parent\" data-id=\"b982cf5\" data-element_type=\"container\" data-e-type=\"container\">\n\t\t\t\t<div class=\"elementor-element elementor-element-2ef1fcc elementor-cta--skin-cover elementor-animated-content elementor-bg-transform elementor-bg-transform-zoom-in elementor-widget elementor-widget-call-to-action\" data-id=\"2ef1fcc\" data-element_type=\"widget\" data-e-type=\"widget\" data-widget_type=\"call-to-action.default\">\n\t\t\t\t<div class=\"elementor-widget-container\">\n\t\t\t\t\t\t\t<div class=\"elementor-cta\">\n\t\t\t\t\t<div class=\"elementor-cta__bg-wrapper\">\n\t\t\t\t<div class=\"elementor-cta__bg elementor-bg\" style=\"background-image: url(https:\/\/about.clininote.com\/wp-content\/uploads\/2024\/11\/CliniNote_fot5-1024x395.jpg);\" role=\"img\" aria-label=\"Medicine doctor hand working with modern computer virtual dashboard as medical network concept Health care and medical services concept with world or global form and AR interface.\"><\/div>\n\t\t\t\t<div class=\"elementor-cta__bg-overlay\"><\/div>\n\t\t\t<\/div>\n\t\t\t\t\t\t\t<div class=\"elementor-cta__content\">\n\t\t\t\t\n\t\t\t\t\t\t\t\t\t<h2 class=\"elementor-cta__title elementor-cta__content-item elementor-content-item elementor-animated-item--grow\">\n\t\t\t\t\t\tSubscribe to our newsletter\t\t\t\t\t<\/h2>\n\t\t\t\t\n\t\t\t\t\n\t\t\t\t\t\t\t<\/div>\n\t\t\t\t\t\t<\/div>\n\t\t\t\t\t\t<\/div>\n\t\t\t\t<\/div>\n\t\t\t\t<\/div>\n\t\t<div class=\"elementor-element elementor-element-bb3bea1 e-flex e-con-boxed e-con e-parent\" data-id=\"bb3bea1\" data-element_type=\"container\" data-e-type=\"container\">\n\t\t\t\t\t<div class=\"e-con-inner\">\n\t\t\t\t<div class=\"elementor-element elementor-element-43c5e08 elementor-widget__width-initial elementor-widget elementor-widget-formidable\" data-id=\"43c5e08\" data-element_type=\"widget\" data-e-type=\"widget\" data-widget_type=\"formidable.default\">\n\t\t\t\t<div class=\"elementor-widget-container\">\n\t\t\t\t\t<div class=\"frm_forms  with_frm_style frm_style_formidable-style\" id=\"frm_form_2_container\" data-token=\"89558ea004fda988384dde9361813e8a\">\n<form enctype=\"multipart\/form-data\" method=\"post\" class=\"frm-show-form  frm_js_validate  frm_pro_form \" id=\"form_newsletter\" data-token=\"89558ea004fda988384dde9361813e8a\">\n<div class=\"frm_form_fields \">\n<fieldset>\n<legend class=\"frm_screen_reader\">Newsletter<\/legend>\r\n\r\n<div class=\"frm_fields_container\">\n<input type=\"hidden\" name=\"frm_action\" value=\"create\" \/>\n<input type=\"hidden\" name=\"form_id\" value=\"2\" \/>\n<input type=\"hidden\" name=\"frm_hide_fields_2\" id=\"frm_hide_fields_2\" value=\"\" \/>\n<input type=\"hidden\" name=\"form_key\" value=\"newsletter\" \/>\n<input type=\"hidden\" name=\"item_meta[0]\" value=\"\" \/>\n<input type=\"hidden\" id=\"frm_submit_entry_2\" name=\"frm_submit_entry_2\" value=\"5d125ffbf3\" \/><input type=\"hidden\" name=\"_wp_http_referer\" value=\"\/pl\/wp-json\/wp\/v2\/pages\/36\" \/><div id=\"frm_field_13_container\" class=\"frm_form_field form-field  frm_required_field frm_top_container frm_full\">\r\n\t<label for=\"field_29yf4d2\" id=\"field_29yf4d2_label\" class=\"frm_primary_label\">Email\r\n\t\t<span class=\"frm_required\" aria-hidden=\"true\">*<\/span>\r\n\t<\/label>\r\n\t<input type=\"email\" id=\"field_29yf4d2\" name=\"item_meta[13]\" value=\"\"  data-reqmsg=\"Email cannot be blank.\" aria-required=\"true\" data-invmsg=\"Please enter a valid email address\" aria-invalid=\"false\"  \/>\r\n\t\r\n\t\r\n<\/div>\n<div id=\"frm_field_17_container\" class=\"frm_form_field form-field  frm_top_container\">\r\n\t<label for=\"field_8c9qw\" id=\"field_8c9qw_label\" class=\"frm_primary_label\">Name\r\n\t\t<span class=\"frm_required\" aria-hidden=\"true\"><\/span>\r\n\t<\/label>\r\n\t<input  type=\"text\" id=\"field_8c9qw\" name=\"item_meta[17]\" value=\"\"  data-invmsg=\"Name is invalid\" aria-invalid=\"false\"   \/>\r\n\t\r\n\t\r\n<\/div>\n<div id=\"frm_field_18_container\" class=\"frm_form_field form-field  frm_top_container\">\r\n\t<label for=\"field_rcukf\" id=\"field_rcukf_label\" class=\"frm_primary_label\">Surname\r\n\t\t<span class=\"frm_required\" aria-hidden=\"true\"><\/span>\r\n\t<\/label>\r\n\t<input  type=\"text\" id=\"field_rcukf\" name=\"item_meta[18]\" value=\"\"  data-invmsg=\"Surname is invalid\" aria-invalid=\"false\"   \/>\r\n\t\r\n\t\r\n<\/div>\n<div id=\"frm_field_19_container\" class=\"frm_form_field form-field  frm_required_field frm_top_container vertical_radio\">\r\n\t<div  id=\"field_r7v8_label\" class=\"frm_primary_label\">Marketing consent\r\n\t\t<span class=\"frm_required\" aria-hidden=\"true\">*<\/span>\r\n\t<\/div>\r\n\t<div class=\"frm_opt_container\" aria-labelledby=\"field_r7v8_label\" role=\"group\">\t\t<div class=\"frm_checkbox\" id=\"frm_checkbox_19-0\">\t\t\t<label  for=\"field_r7v8-0\">\n\t\t\t<input type=\"checkbox\" name=\"item_meta[19][]\" id=\"field_r7v8-0\" value=\"I consent to the processing of my personal data (name, surname, e-mail address) by CliniNote Sp. z o.o. for the marketing purposes in accordance with CliniNote&#039;s Privacy Policy. I have been informed that the provision of consent is voluntary, and I can withdraw it at any time by contacting CliniNote Sp. z o.o. at contact@clininote.com. I acknowledge that I have the right to access, rectify, erase, restrict, or object to the processing of my data in accordance with applicable data protection laws.\"  data-reqmsg=\"Marketing consent cannot be blank.\" data-invmsg=\"Marketing consent jest nieprawid\u0142owe\"   aria-required=\"true\"  \/> I consent to the processing of my personal data (name, surname, e-mail address) by CliniNote Sp. z o.o. for the marketing purposes in accordance with CliniNote's Privacy Policy. I have been informed that the provision of consent is voluntary, and I can withdraw it at any time by contacting CliniNote Sp. z o.o. at contact@clininote.com. I acknowledge that I have the right to access, rectify, erase, restrict, or object to the processing of my data in accordance with applicable data protection laws.<\/label><\/div>\n<\/div>\r\n\t\r\n\t\r\n<\/div>\n<div id=\"frm_field_23_container\" class=\"frm_form_field form-field  frm_none_container\">\r\n\t<label for=\"h-captcha-response\" id=\"field_ow20m_label\" class=\"frm_primary_label\">Captcha\r\n\t\t<span class=\"frm_required\" aria-hidden=\"true\"><\/span>\r\n\t<\/label>\r\n\t<div  id=\"field_ow20m\" class=\"h-captcha\" data-sitekey=\"1abcfa60-c5cc-4d98-8324-9ebade387508\" data-size=\"normal\" data-theme=\"light\"><\/div>\r\n\t\r\n\t\r\n<\/div>\n<div id=\"frm_field_16_container\" class=\"frm_form_field form-field \">\r\n\t<div class=\"frm_submit\">\r\n\r\n<button class=\"frm_button_submit frm_final_submit\" type=\"submit\"   formnovalidate=\"formnovalidate\">Subscribe<\/button>\r\n\r\n<\/div>\r\n<\/div>\n\t<input type=\"hidden\" name=\"item_key\" value=\"\" \/>\n\t\t\t<div id=\"frm_field_24_container\">\n\t\t\t<label for=\"field_juyfn\" >\n\t\t\t\tJe\u017celi jeste\u015b cz\u0142owiekiem, zostaw to pole puste.\t\t\t<\/label>\n\t\t\t<input  id=\"field_juyfn\" type=\"text\" class=\"frm_form_field form-field frm_verify\" name=\"item_meta[24]\" value=\"\"  \/>\n\t\t<\/div>\n\t\t<input name=\"frm_state\" type=\"hidden\" value=\"eg9DwCU56DKpbVXIqz0tTSVNs3rG4XjScHKnTuHxkGt2V\/Jp3\/uHjDn1O+YZv7N8GZdr0lqb9uxaLffjA1U\/GacjfCVTKPNliKt\/isSxUD0=\" \/><\/div>\n<\/fieldset>\n<\/div>\n\n<\/form>\n<\/div>\n\t\t\t\t<\/div>\n\t\t\t\t<\/div>\n\t\t\t\t\t<\/div>\n\t\t\t\t<\/div>\n\t\t\t\t<\/div>\n\t\t","protected":false},"excerpt":{"rendered":"<p>Subscribe to our newsletter Newsletter Email * Name Surname Marketing consent * I consent to the processing of my personal data (name, surname, e-mail address) by CliniNote Sp. z o.o. for the marketing purposes in accordance with CliniNote&#8217;s Privacy Policy. I have been informed that the provision of consent is voluntary, and I can withdraw [&hellip;]<\/p>\n","protected":false},"author":2,"featured_media":0,"parent":0,"menu_order":0,"comment_status":"closed","ping_status":"closed","template":"","meta":{"footnotes":""},"class_list":["post-36","page","type-page","status-publish","hentry"],"jetpack_sharing_enabled":true,"_links":{"self":[{"href":"https:\/\/about.clininote.com\/pl\/wp-json\/wp\/v2\/pages\/36","targetHints":{"allow":["GET"]}}],"collection":[{"href":"https:\/\/about.clininote.com\/pl\/wp-json\/wp\/v2\/pages"}],"about":[{"href":"https:\/\/about.clininote.com\/pl\/wp-json\/wp\/v2\/types\/page"}],"author":[{"embeddable":true,"href":"https:\/\/about.clininote.com\/pl\/wp-json\/wp\/v2\/users\/2"}],"replies":[{"embeddable":true,"href":"https:\/\/about.clininote.com\/pl\/wp-json\/wp\/v2\/comments?post=36"}],"version-history":[{"count":13,"href":"https:\/\/about.clininote.com\/pl\/wp-json\/wp\/v2\/pages\/36\/revisions"}],"predecessor-version":[{"id":788,"href":"https:\/\/about.clininote.com\/pl\/wp-json\/wp\/v2\/pages\/36\/revisions\/788"}],"wp:attachment":[{"href":"https:\/\/about.clininote.com\/pl\/wp-json\/wp\/v2\/media?parent=36"}],"curies":[{"name":"wp","href":"https:\/\/api.w.org\/{rel}","templated":true}]}}